{"id":110,"date":"2019-03-16T20:18:11","date_gmt":"2019-03-16T17:18:11","guid":{"rendered":"http:\/\/demiraghukuk.com\/?page_id=110"},"modified":"2025-03-07T06:40:51","modified_gmt":"2025-03-07T06:40:51","slug":"hakkimizda","status":"publish","type":"page","link":"http:\/\/demiraghukuk.com\/en\/hakkimizda\/","title":{"rendered":"About Us"},"content":{"rendered":"<div data-vc-full-width=\"true\" data-vc-full-width-init=\"false\" data-vc-stretch-content=\"true\" class=\"vc_row wpb_row vc_row-fluid vc_row-5ca250619246e vc_row-no-padding\"><div class=\"wpb_column vc_column_container vc_col-sm-12 vc_row-\"><div class=\"vc_column-inner\"><div class=\"wpb_wrapper\">    <section class=\"banner-area banner-area-5ca2502b8c9f3 top-offset current-white\">\r\n            <div class=\"banner-item white\" style=\"\">\r\n        \n    <div class=\"bg-overlay\">\n              <div class=\"image\" data-parallax=\"true\" data-image-src=\"http:\/\/demiraghukuk.com\/wp-content\/uploads\/2021\/03\/bg2-scaled-1.jpeg\"><\/div>\n              <div class=\"color\"><\/div>\n              <div class=\"dots\"><\/div>\n          <\/div>\n\n            <div class=\"container\">\r\n          <div class=\"row align-items-center fixed-height\" style=\"height: 345px;\">\r\n            <div class=\"col\">\r\n                              <h1 class=\"h\">About Us<\/h1>\r\n                                            <div class=\"desc\">Our work is based on individual approach<\/div>\r\n                          <\/div>\r\n          <\/div>\r\n        <\/div>\r\n      <\/div>\r\n    <\/section>\r\n    <\/div><\/div><\/div><\/div><div class=\"vc_row-full-width vc_clearfix\"><\/div><div class=\"vc_row wpb_row vc_row-fluid vc_custom_1554141656055 vc_row-5ca251c80ccd7 vc_row-o-content-middle vc_row-flex\"><div class=\"wpb_column vc_column_container vc_col-sm-6 vc_col-lg-4 vc_col-md-5 vc_row-\"><div class=\"vc_column-inner\"><div class=\"wpb_wrapper\">\n\t<div class=\"wpb_text_column wpb_content_element\" >\n\t\t<div class=\"wpb_wrapper\">\n\t\t\t<p><img decoding=\"async\" class=\"aligncenter size-full wp-image-86\" src=\"\/\/demiraghukuk.com\/wp-content\/uploads\/2021\/03\/biriz-demirag.png\" alt=\"Side Img\" \/><\/p>\n\n\t\t<\/div>\n\t<\/div>\n<\/div><\/div><\/div><div class=\"wpb_column vc_column_container vc_col-sm-6 vc_col-lg-8 vc_col-md-7 vc_row-\"><div class=\"vc_column-inner\"><div class=\"wpb_wrapper\">    <div class=\"heading-block heading-5ca250d8a7334 tal h-h4\">\r\n                        <h4 class=\"h\"><span>Demira\u011f Law,<\/span>comes forward with its qualified law consultancy and solid <span>business relations with its clients<\/span>.<\/h4>\r\n                  <\/div>\r\n    \n\t<div class=\"wpb_text_column wpb_content_element  text-t1\" >\n\t\t<div class=\"wpb_wrapper\">\n\t\t\t<p>Av. Biriz DEM\u0130RA\u011e; 2009 y\u0131l\u0131nda \u0130hsan Do\u011framac\u0131 Vakf\u0131 Bilkent Lisesi\u2019nden mezun olduktan sonra; 2014 y\u0131l\u0131nda, \u0130hsan Do\u011framac\u0131 Vakf\u0131 Bilkent \u00dcniversitesi Uluslararas\u0131 \u0130li\u015fkiler B\u00f6l\u00fcm\u00fcn\u00fc; 2018 y\u0131l\u0131nda, At\u0131l\u0131m \u00dcniversitesi Hukuk Fak\u00fcltesini ve 2024 y\u0131l\u0131nda, Ba\u015fkent \u00dcniversitesi Kamu Hukuku Tezli Y\u00fcksek Lisans B\u00f6l\u00fcm\u00fcn\u00fc bitirmi\u015ftir.<\/p>\n<p>Att. Biriz DEM\u0130RA\u011e has also studied at the Turkey Bar Association regarding CMK and Legal Aid, Law and Health; from Ankara Bar Association regarding Refugee Law, Legal Aid, Juvenile Justice System within the scope of Turkish Penal Legislation and Practices; from At\u0131l\u0131m University regarding Mediation Crime and Criminal Psychology; from TOBB University regarding Labor Law and Commercial Law; from Ba\u015fkent University regarding Personal Data Protection Law; from Ac\u0131badem University regarding Expertise in Medical Malpractice, Legal Aspects of Medical Malpractice Medical and Drug Fraud; from Tecr\u00fcbe E\u011fitim Kurumlar\u0131 regarding Life Coaching, Face Reading.<\/p>\n<p>Avukatl\u0131k faaliyetini, T\u00fcrk\u00e7e ve \u0130ngilizce hizmet sunarak Ankara\u2019da s\u00fcrd\u00fcrmekte olup; m\u00fcvekkillerin ulusal ve uluslararas\u0131 hukuki uyu\u015fmazl\u0131klar\u0131n\u0131 olumlu \u00e7\u00f6z\u00fcmlere ula\u015ft\u0131rmadaki i\u015flevini etkinlikle yerine getirmeyi ama\u00e7lam\u0131\u015ft\u0131r.<\/p>\n\n\t\t<\/div>\n\t<\/div>\n<\/div><\/div><\/div><\/div><div data-vc-full-width=\"true\" data-vc-full-width-init=\"false\" class=\"vc_row wpb_row vc_row-fluid vc_custom_1553934699320 vc_row-5c9f1db11d547 light-color\">\n    <div class=\"bg-overlay\">\n              <div class=\"image\" data-parallax=\"true\" data-image-src=\"http:\/\/demiraghukuk.com\/wp-content\/uploads\/2019\/03\/bg3-scaled.jpg\"><\/div>\n              <div class=\"gradient\"><\/div>\n              <div class=\"lines on-right\">\n          <div><\/div>\n          <div><\/div>\n          <div><\/div>\n        <\/div>\n          <\/div>\n\n    <div class=\"wpb_column vc_column_container vc_col-sm-12 vc_col-lg-6 vc_col-md-8 vc_row-\"><div class=\"vc_column-inner\"><div class=\"wpb_wrapper\">\n\t<div class=\"wpb_text_column wpb_content_element\" >\n\t\t<div class=\"wpb_wrapper\">\n\t\t\t\n\t\t<\/div>\n\t<\/div>\n    <div class=\"heading-block heading-5c9f1e20e8c49 tal h-h3\">\r\n                        <h3 class=\"h\">We are proactive and professional.<\/h3>\r\n                  <\/div>\r\n    \n\t<div class=\"wpb_text_column wpb_content_element  text-t1\" >\n\t\t<div class=\"wpb_wrapper\">\n\t\t\t<p>We are working with the aim of being one of the best law offices in Turkey and doing our job determinedly with the young and enthusiastic team who are working with us.<\/p>\n\n\t\t<\/div>\n\t<\/div>\n          <div class=\"button-container button-5c9f1e415a305 left\">\r\n        <a class=\"button-style2\" href=\"http:\/\/demiraghukuk.com\/en\/iletisim\/\" target=\"_self\">\r\n          <span>CONTACTS<\/span>\r\n                  <\/a>\r\n      <\/div>\r\n        <\/div><\/div><\/div><\/div><div class=\"vc_row-full-width vc_clearfix\"><\/div>","protected":false},"excerpt":{"rendered":"Hakk\u0131m\u0131zda \u00c7al\u0131\u015fmam\u0131z bireysel yakla\u015f\u0131ma dayanmaktad\u0131r Demira\u011f Hukuk B\u00fcrosu, nitelikli hukuk dan\u0131\u015fmanl\u0131\u011f\u0131 ve m\u00fcvekkilleri ile s\u00fcrd\u00fcrd\u00fc\u011f\u00fc sa\u011flam i\u015f ili\u015fkisiyle \u00f6ne \u00e7\u0131kmaktad\u0131r. Av. Biriz DEM\u0130RA\u011e; 2009 y\u0131l\u0131nda \u0130hsan Do\u011framac\u0131 Vakf\u0131 Bilkent Lisesi\u2019nden mezun olduktan sonra; 2014 y\u0131l\u0131nda, \u0130hsan Do\u011framac\u0131 Vakf\u0131 Bilkent \u00dcniversitesi Uluslararas\u0131 \u0130li\u015fkiler B\u00f6l\u00fcm\u00fcn\u00fc; 2018 y\u0131l\u0131nda, At\u0131l\u0131m \u00dcniversitesi Hukuk Fak\u00fcltesini ve 2024 y\u0131l\u0131nda, Ba\u015fkent \u00dcniversitesi Kamu [...]","protected":false},"author":1,"featured_media":0,"parent":0,"menu_order":0,"comment_status":"closed","ping_status":"closed","template":"template-landing.php","meta":{"_acf_changed":false,"footnotes":""},"class_list":["post-110","page","type-page","status-publish","hentry"],"acf":[],"_links":{"self":[{"href":"http:\/\/demiraghukuk.com\/en\/wp-json\/wp\/v2\/pages\/110","targetHints":{"allow":["GET"]}}],"collection":[{"href":"http:\/\/demiraghukuk.com\/en\/wp-json\/wp\/v2\/pages"}],"about":[{"href":"http:\/\/demiraghukuk.com\/en\/wp-json\/wp\/v2\/types\/page"}],"author":[{"embeddable":true,"href":"http:\/\/demiraghukuk.com\/en\/wp-json\/wp\/v2\/users\/1"}],"replies":[{"embeddable":true,"href":"http:\/\/demiraghukuk.com\/en\/wp-json\/wp\/v2\/comments?post=110"}],"version-history":[{"count":23,"href":"http:\/\/demiraghukuk.com\/en\/wp-json\/wp\/v2\/pages\/110\/revisions"}],"predecessor-version":[{"id":1307,"href":"http:\/\/demiraghukuk.com\/en\/wp-json\/wp\/v2\/pages\/110\/revisions\/1307"}],"wp:attachment":[{"href":"http:\/\/demiraghukuk.com\/en\/wp-json\/wp\/v2\/media?parent=110"}],"curies":[{"name":"wp","href":"https:\/\/api.w.org\/{rel}","templated":true}]}}