{"id":114,"date":"2019-03-16T20:18:42","date_gmt":"2019-03-16T17:18:42","guid":{"rendered":"http:\/\/demiraghukuk.com\/?page_id=114"},"modified":"2021-04-09T12:42:26","modified_gmt":"2021-04-09T12:42:26","slug":"iletisim","status":"publish","type":"page","link":"http:\/\/demiraghukuk.com\/en\/iletisim\/","title":{"rendered":"Contacts"},"content":{"rendered":"<div class=\"vc_row wpb_row vc_row-fluid vc_row-\"><div class=\"wpb_column vc_column_container vc_col-sm-12 vc_row-\"><div class=\"vc_column-inner\"><div class=\"wpb_wrapper\">    <div class=\"heading-block heading-5ca3978fecba3 tac h-h3\">\r\n                        <div class=\"sub-h\">Contacts<\/div>\r\n                  <h3 class=\"h\"><span>The Contact Information and<\/span> Adress of Demirag Law Office<\/h3>\r\n                  <\/div>\r\n        <div class=\"icon-box8-items row icon-box8-items-5ca3987e1230b vc_custom_1554226035713\">\r\n          <div class=\"col-12 col-md-6 col-lg-3\">\r\n      <div class=\"icon-box8 icon-box8-5ca39887334da with-icon\">\r\n                  <i class=\"base-icon-envelope\"><\/i>\r\n                  <h6 class=\"h\">Email<\/h6>\r\n                  <div class=\"desc\">info@demiraghukuk.com<\/div>\r\n              <\/div>\r\n    <\/div>\r\n        <div class=\"col-12 col-md-6 col-lg-3\">\r\n      <div class=\"icon-box8 icon-box8-5ca398a7d912e with-icon\">\r\n                  <i class=\"base-icon-phone-call\"><\/i>\r\n                  <h6 class=\"h\">PHONE<\/h6>\r\n                  <div class=\"desc\">+90 532 446 12 02<\/div>\r\n              <\/div>\r\n    <\/div>\r\n        <div class=\"col-12 col-md-6 col-lg-3\">\r\n      <div class=\"icon-box8 icon-box8-5ca398bc87903 with-icon\">\r\n                  <i class=\"base-icon-placeholder\"><\/i>\r\n                  <h6 class=\"h\">LOCATION<\/h6>\r\n                  <div class=\"desc\">2118. Cad. Maidan \u0130\u015f Merkezi<br \/>\nC Blok No:161 \u00c7ankaya\/Ankara<\/div>\r\n              <\/div>\r\n    <\/div>\r\n        <div class=\"col-12 col-md-6 col-lg-3\">\r\n      <div class=\"icon-box8 icon-box8-5ca3996af9f81 with-icon\">\r\n                  <i class=\"base-icon-settings\"><\/i>\r\n                  <h6 class=\"h\">WORKING HOURS<\/h6>\r\n                  <div class=\"desc\">MON-FR\u0130: 09:00 - 18:00<br \/>\nSAT-SUN: CLOSE<\/div>\r\n              <\/div>\r\n    <\/div>\r\n        <\/div>\r\n    <\/div><\/div><\/div><\/div><div data-vc-full-width=\"true\" data-vc-full-width-init=\"false\" data-vc-stretch-content=\"true\" class=\"vc_row wpb_row vc_row-fluid vc_row-5ca39a6971e09 vc_row-no-padding\"><div class=\"wpb_column vc_column_container vc_col-sm-12 vc_row-\"><div class=\"vc_column-inner\"><div class=\"wpb_wrapper\">    <div class=\"map-block map-5ca39a00349a2\">\r\n      <div class=\"map\" id=\"map-5ca39a00349a2\" style=\"width: 100%; height: 440px;\">\r\n              <\/div>\r\n    <\/div>\r\n    <\/div><\/div><\/div><\/div><div class=\"vc_row-full-width vc_clearfix\"><\/div><div data-vc-full-width=\"true\" data-vc-full-width-init=\"false\" class=\"vc_row wpb_row vc_row-fluid vc_custom_1554039176079 vc_row-5ca0bff2a16b6 light-color\">\n    <div class=\"bg-overlay\">\n              <div class=\"image\" data-parallax=\"true\" data-image-src=\"http:\/\/demiraghukuk.com\/wp-content\/uploads\/2019\/03\/bg5-scaled.jpg\"><\/div>\n              <div class=\"color\"><\/div>\n              <div class=\"gradient\"><\/div>\n              <div class=\"lines on-right\">\n          <div><\/div>\n          <div><\/div>\n          <div><\/div>\n        <\/div>\n          <\/div>\n\n    <div class=\"wpb_column vc_column_container vc_col-sm-12 vc_row-\"><div class=\"vc_column-inner\"><div class=\"wpb_wrapper\">    <div class=\"heading-block heading-5ca0bfe4bf480 tac h-h3 vc_custom_1616796149443\">\r\n                        <div class=\"sub-h\">DROP US A LINE<\/div>\r\n                  <h3 class=\"h\">CONTACTS FORM<\/h3>\r\n                  <\/div>\r\n    \n\t<div class=\"wpb_text_column wpb_content_element\" >\n\t\t<div class=\"wpb_wrapper\">\n\t\t\t\n<div class=\"wpcf7 no-js\" id=\"wpcf7-f652-o1\" lang=\"ru-RU\" dir=\"ltr\" data-wpcf7-id=\"652\">\n<div class=\"screen-reader-response\"><p role=\"status\" aria-live=\"polite\" aria-atomic=\"true\"><\/p> <ul><\/ul><\/div>\n<form action=\"\/en\/wp-json\/wp\/v2\/pages\/114#wpcf7-f652-o1\" method=\"post\" class=\"wpcf7-form init\" aria-label=\"Contact form\" novalidate=\"novalidate\" data-status=\"init\" data-trp-original-action=\"\/en\/wp-json\/wp\/v2\/pages\/114#wpcf7-f652-o1\">\n<div style=\"display: none;\">\n<input type=\"hidden\" name=\"_wpcf7\" value=\"652\" \/>\n<input type=\"hidden\" name=\"_wpcf7_version\" value=\"6.0.4\" \/>\n<input type=\"hidden\" name=\"_wpcf7_locale\" value=\"ru_RU\" \/>\n<input type=\"hidden\" name=\"_wpcf7_unit_tag\" value=\"wpcf7-f652-o1\" \/>\n<input type=\"hidden\" name=\"_wpcf7_container_post\" value=\"0\" \/>\n<input type=\"hidden\" name=\"_wpcf7_posted_data_hash\" value=\"\" \/>\n<\/div>\n<div class=\"contact-form-style2 row\">\n  <div class=\"col-12 col-md-4\">\n    <span class=\"wpcf7-form-control-wrap\" data-name=\"f-phone\"><input size=\"40\" maxlength=\"400\" class=\"wpcf7-form-control wpcf7-text style2\" aria-invalid=\"false\" placeholder=\"PHONE\" value=\"\" type=\"text\" name=\"f-phone\" \/><\/span>\n  <\/div>\n  <div class=\"col-12 col-md-4\">\n    <span class=\"wpcf7-form-control-wrap\" data-name=\"f-email\"><input size=\"40\" maxlength=\"400\" class=\"wpcf7-form-control wpcf7-text style2\" aria-invalid=\"false\" placeholder=\"E-mail\" value=\"\" type=\"text\" name=\"f-email\" \/><\/span>\n  <\/div>\n  <div class=\"col-12 col-md-4\">\n    <span class=\"wpcf7-form-control-wrap\" data-name=\"f-name\"><input size=\"40\" maxlength=\"400\" class=\"wpcf7-form-control wpcf7-text style2\" aria-invalid=\"false\" placeholder=\"ENTER YOUR NAME\" value=\"\" type=\"text\" name=\"f-name\" \/><\/span>\n  <\/div>\n  <div class=\"col-12\">\n    <span class=\"wpcf7-form-control-wrap\" data-name=\"f-text\"><textarea cols=\"40\" rows=\"6\" maxlength=\"2000\" class=\"wpcf7-form-control wpcf7-textarea style2\" aria-invalid=\"false\" placeholder=\"ENYER YOUR MESSAGE\" name=\"f-text\"><\/textarea><\/span>\n  <\/div>\n  <div class=\"col-12 col-md-4 offset-md-4\">\n    <button class=\"button-style2\" type=\"submit\"><span>SUBMIT<\/span><i class=\"admin-ui-right-arrow\"><\/i><\/button>\n  <\/div>\n<\/div><div class=\"wpcf7-response-output\" aria-hidden=\"true\"><\/div>\n<input type=\"hidden\" name=\"trp-form-language\" value=\"en\"\/><\/form>\n<\/div>\n\n\n\t\t<\/div>\n\t<\/div>\n<\/div><\/div><\/div><\/div><div class=\"vc_row-full-width vc_clearfix\"><\/div>","protected":false},"excerpt":{"rendered":"\u0130leti\u015fim Demira\u011f Hukuk B\u00fcrosunun Adres ve \u0130leti\u015fim Bilgileri Email info@demiraghukuk.com Telefon +90 532 446 12 02 ADRES 2118. Cad. Maidan \u0130\u015f Merkezi C Blok No:161 \u00c7ankaya\/Ankara \u00c7al\u0131\u015fma Saatleri PZT-CUMA: 09:00 - 18:00 CMT-PZR: Kapal\u0131 Soru ve \u00f6nerilerinizi ileti\u015fim formu ile bize iletebilirsiniz. \u0130leti\u015fim Formu G\u00f6nder","protected":false},"author":1,"featured_media":0,"parent":0,"menu_order":0,"comment_status":"closed","ping_status":"closed","template":"template-landing.php","meta":{"_acf_changed":false,"footnotes":""},"class_list":["post-114","page","type-page","status-publish","hentry"],"acf":[],"_links":{"self":[{"href":"http:\/\/demiraghukuk.com\/en\/wp-json\/wp\/v2\/pages\/114","targetHints":{"allow":["GET"]}}],"collection":[{"href":"http:\/\/demiraghukuk.com\/en\/wp-json\/wp\/v2\/pages"}],"about":[{"href":"http:\/\/demiraghukuk.com\/en\/wp-json\/wp\/v2\/types\/page"}],"author":[{"embeddable":true,"href":"http:\/\/demiraghukuk.com\/en\/wp-json\/wp\/v2\/users\/1"}],"replies":[{"embeddable":true,"href":"http:\/\/demiraghukuk.com\/en\/wp-json\/wp\/v2\/comments?post=114"}],"version-history":[{"count":15,"href":"http:\/\/demiraghukuk.com\/en\/wp-json\/wp\/v2\/pages\/114\/revisions"}],"predecessor-version":[{"id":1155,"href":"http:\/\/demiraghukuk.com\/en\/wp-json\/wp\/v2\/pages\/114\/revisions\/1155"}],"wp:attachment":[{"href":"http:\/\/demiraghukuk.com\/en\/wp-json\/wp\/v2\/media?parent=114"}],"curies":[{"name":"wp","href":"https:\/\/api.w.org\/{rel}","templated":true}]}}