{"id":496,"date":"2019-03-28T20:04:59","date_gmt":"2019-03-28T17:04:59","guid":{"rendered":"http:\/\/demiraghukuk.com\/?page_id=496"},"modified":"2025-03-07T06:50:52","modified_gmt":"2025-03-07T06:50:52","slug":"lawyers","status":"publish","type":"page","link":"http:\/\/demiraghukuk.com\/en\/","title":{"rendered":"Lawyers"},"content":{"rendered":"<div class=\"vc_row wpb_row vc_row-fluid vc_row-\"><div class=\"wpb_column vc_column_container vc_col-sm-12 vc_row-\"><div class=\"vc_column-inner\"><div class=\"wpb_wrapper\">\n\t\t\t<!-- START Slider 1 REVOLUTION SLIDER 6.4.6 --><p class=\"rs-p-wp-fix\"><\/p>\n\t\t\t<rs-module-wrap id=\"rev_slider_3_1_wrapper\" data-source=\"gallery\" style=\"background:transparent;padding:0;\">\n\t\t\t\t<rs-module id=\"rev_slider_3_1\" style=\"\" data-version=\"6.4.6\">\n\t\t\t\t\t<rs-slides>\n\t\t\t\t\t\t<rs-slide data-key=\"rs-3\" data-title=\"Slide\" data-in=\"o:0;\" data-out=\"a:false;\">\n\t\t\t\t\t\t\t<img loading=\"lazy\" decoding=\"async\" src=\"\/\/demiraghukuk.com\/wp-content\/uploads\/2021\/04\/404.jpg\" title=\"404\" width=\"1606\" height=\"903\" class=\"rev-slidebg tp-rs-img\" data-no-retina>\n<!--\n\t\t\t\t\t\t\t--><rs-layer\n\t\t\t\t\t\t\t\tid=\"slider-3-slide-3-layer-1\" \n\t\t\t\t\t\t\t\tdata-type=\"image\"\n\t\t\t\t\t\t\t\tdata-rsp_ch=\"on\"\n\t\t\t\t\t\t\t\tdata-xy=\"x:c;xo:-216px,-150px,-113px,-1px;yo:278px,193px,146px,117px;\"\n\t\t\t\t\t\t\t\tdata-text=\"w:normal;s:20,13,9,5;l:0,17,12,7;\"\n\t\t\t\t\t\t\t\tdata-dim=\"w:499px,347px,263px,443px;h:277px,192px,145px,246px;\"\n\t\t\t\t\t\t\t\tdata-frame_999=\"o:0;st:w;\"\n\t\t\t\t\t\t\t\tstyle=\"z-index:8;\"\n\t\t\t\t\t\t\t><img loading=\"lazy\" decoding=\"async\" src=\"\/\/demiraghukuk.com\/wp-content\/uploads\/2021\/04\/logo.png\" class=\"tp-rs-img\" width=\"900\" height=\"500\" data-no-retina> \n\t\t\t\t\t\t\t<\/rs-layer><!--\n\n\t\t\t\t\t\t\t--><rs-layer\n\t\t\t\t\t\t\t\tid=\"slider-3-slide-3-layer-2\" \n\t\t\t\t\t\t\t\tdata-type=\"image\"\n\t\t\t\t\t\t\t\tdata-rsp_ch=\"on\"\n\t\t\t\t\t\t\t\tdata-xy=\"xo:364px,253px,192px,21px;yo:-329px,-229px,-173px,329px;\"\n\t\t\t\t\t\t\t\tdata-text=\"w:normal;s:20,13,9,5;l:0,17,12,7;\"\n\t\t\t\t\t\t\t\tdata-dim=\"w:300px,208px,158px,439px;h:180px,125px,94px,244px;\"\n\t\t\t\t\t\t\t\tdata-frame_999=\"o:0;st:w;\"\n\t\t\t\t\t\t\t\tstyle=\"z-index:11;\"\n\t\t\t\t\t\t\t><img loading=\"lazy\" decoding=\"async\" src=\"http:\/\/demiraghukuk.com\/wp-content\/uploads\/2021\/04\/yazi5.png\" class=\"tp-rs-img\" width=\"900\" height=\"500\" data-no-retina> \n\t\t\t\t\t\t\t<\/rs-layer><!--\n\n\t\t\t\t\t\t\t--><rs-layer\n\t\t\t\t\t\t\t\tid=\"slider-3-slide-3-layer-3\" \n\t\t\t\t\t\t\t\tdata-type=\"image\"\n\t\t\t\t\t\t\t\tdata-rsp_ch=\"on\"\n\t\t\t\t\t\t\t\tdata-xy=\"xo:-511px,-355px,-269px,-15px;yo:93px,64px,48px,-74px;\"\n\t\t\t\t\t\t\t\tdata-text=\"w:normal;s:20,13,9,5;l:0,17,12,7;\"\n\t\t\t\t\t\t\t\tdata-dim=\"w:300px,208px,158px,481px;h:180px,125px,94px,866px;\"\n\t\t\t\t\t\t\t\tdata-frame_999=\"o:0;st:w;\"\n\t\t\t\t\t\t\t\tstyle=\"z-index:12;\"\n\t\t\t\t\t\t\t><img loading=\"lazy\" decoding=\"async\" src=\"\/\/demiraghukuk.com\/wp-content\/uploads\/2021\/04\/yatay.png\" class=\"tp-rs-img\" width=\"500\" height=\"900\" data-no-retina> \n\t\t\t\t\t\t\t<\/rs-layer><!--\n\n\t\t\t\t\t\t\t--><rs-layer\n\t\t\t\t\t\t\t\tid=\"slider-3-slide-3-layer-4\" \n\t\t\t\t\t\t\t\tdata-type=\"image\"\n\t\t\t\t\t\t\t\tdata-rsp_ch=\"on\"\n\t\t\t\t\t\t\t\tdata-xy=\"x:c;xo:63px,43px,32px,-375px;yo:264px,183px,139px,519px;\"\n\t\t\t\t\t\t\t\tdata-text=\"w:normal;s:20,13,9,5;l:0,17,12,7;\"\n\t\t\t\t\t\t\t\tdata-dim=\"w:700px,487px,370px,229px;h:389px,270px,205px,127px;\"\n\t\t\t\t\t\t\t\tdata-frame_999=\"o:0;st:w;\"\n\t\t\t\t\t\t\t\tstyle=\"z-index:9;\"\n\t\t\t\t\t\t\t><img loading=\"lazy\" decoding=\"async\" src=\"\/\/demiraghukuk.com\/wp-content\/uploads\/2021\/04\/cizgi.png\" class=\"tp-rs-img\" width=\"900\" height=\"500\" data-no-retina> \n\t\t\t\t\t\t\t<\/rs-layer><!--\n\n\t\t\t\t\t\t\t--><rs-layer\n\t\t\t\t\t\t\t\tid=\"slider-3-slide-3-layer-5\" \n\t\t\t\t\t\t\t\tdata-type=\"image\"\n\t\t\t\t\t\t\t\tdata-rsp_ch=\"on\"\n\t\t\t\t\t\t\t\tdata-xy=\"x:l,l,l,c;xo:765px,532px,404px,-1271px;yo:305px,212px,161px,369px;\"\n\t\t\t\t\t\t\t\tdata-text=\"w:normal;s:20,13,9,5;l:0,17,12,7;\"\n\t\t\t\t\t\t\t\tdata-dim=\"w:499px,347px,263px,385px;h:277px,192px,145px,214px;\"\n\t\t\t\t\t\t\t\tdata-frame_999=\"o:0;st:w;\"\n\t\t\t\t\t\t\t\tstyle=\"z-index:10;\"\n\t\t\t\t\t\t\t><img loading=\"lazy\" decoding=\"async\" src=\"http:\/\/demiraghukuk.com\/wp-content\/uploads\/2021\/04\/ing-buyuk.png\" class=\"tp-rs-img\" width=\"900\" height=\"500\" data-no-retina> \n\t\t\t\t\t\t\t<\/rs-layer><!--\n-->\t\t\t\t\t\t<\/rs-slide>\n\t\t\t\t\t<\/rs-slides>\n\t\t\t\t<\/rs-module>\n\t\t\t\t<script type=\"text\/javascript\">\n\t\t\t\t\tsetREVStartSize({c: 'rev_slider_3_1',rl:[1240,1024,778,480],el:[937,768,960,720],gw:[1470,1024,778,480],gh:[937,768,960,720],type:'standard',justify:'',layout:'fullscreen',offsetContainer:'',offset:'',mh:\"0\"});\n\t\t\t\t\tvar\trevapi3,\n\t\t\t\t\t\ttpj;\n\t\t\t\t\tfunction revinit_revslider31() {\n\t\t\t\t\tjQuery(function() {\n\t\t\t\t\t\ttpj = jQuery;\n\t\t\t\t\t\trevapi3 = tpj(\"#rev_slider_3_1\");\n\t\t\t\t\t\tif(revapi3==undefined || revapi3.revolution == undefined){\n\t\t\t\t\t\t\trevslider_showDoubleJqueryError(\"rev_slider_3_1\");\n\t\t\t\t\t\t}else{\n\t\t\t\t\t\t\trevapi3.revolution({\n\t\t\t\t\t\t\t\tDPR:\"dpr\",\n\t\t\t\t\t\t\t\tsliderLayout:\"fullscreen\",\n\t\t\t\t\t\t\t\tvisibilityLevels:\"1240,1024,778,480\",\n\t\t\t\t\t\t\t\tgridwidth:\"1470,1024,778,480\",\n\t\t\t\t\t\t\t\tgridheight:\"937,768,960,720\",\n\t\t\t\t\t\t\t\tperspective:600,\n\t\t\t\t\t\t\t\tperspectiveType:\"global\",\n\t\t\t\t\t\t\t\teditorheight:\"937,768,960,720\",\n\t\t\t\t\t\t\t\tresponsiveLevels:\"1240,1024,778,480\",\n\t\t\t\t\t\t\t\tprogressBar:{disableProgressBar:true},\n\t\t\t\t\t\t\t\tnavigation: {\n\t\t\t\t\t\t\t\t\tonHoverStop:false\n\t\t\t\t\t\t\t\t},\n\t\t\t\t\t\t\t\tfallbacks: {\n\t\t\t\t\t\t\t\t\tallowHTML5AutoPlayOnAndroid:true\n\t\t\t\t\t\t\t\t},\n\t\t\t\t\t\t\t});\n\t\t\t\t\t\t}\n\t\t\t\t\t\t\n\t\t\t\t\t});\n\t\t\t\t\t} \/\/ End of RevInitScript\n\t\t\t\tvar once_revslider31 = false;\n\t\t\t\tif (document.readyState === \"loading\") {document.addEventListener('readystatechange',function() { if((document.readyState === \"interactive\" || document.readyState === \"complete\") && !once_revslider31 ) { once_revslider31 = true; revinit_revslider31();}});} else {once_revslider31 = true; revinit_revslider31();}\n\t\t\t\t<\/script>\n\t\t\t<\/rs-module-wrap>\n\t\t\t<!-- END REVOLUTION SLIDER -->\n<\/div><\/div><\/div><\/div><div class=\"vc_row wpb_row vc_row-fluid vc_custom_1553794098856 vc_row-5c9cffecc11f8\"><div class=\"align-self-end wpb_column vc_column_container vc_col-sm-6 vc_row-\"><div class=\"vc_column-inner\"><div class=\"wpb_wrapper\">\n\t<div class=\"wpb_text_column wpb_content_element  custom-image-container imgvc_custom_1616877053246 custom-image-container\" >\n\t\t<div class=\"wpb_wrapper\">\n\t\t\t<p><img decoding=\"async\" class=\"aligncenter size-full wp-image-86\" src=\"\/\/demiraghukuk.com\/wp-content\/uploads\/2021\/03\/biriz-demirag.png\" alt=\"Side Img\" \/><\/p>\n\n\t\t<\/div>\n\t<\/div>\n<\/div><\/div><\/div><div class=\"wpb_column vc_column_container vc_col-sm-6 vc_row-\"><div class=\"vc_column-inner\"><div class=\"wpb_wrapper\">    <div class=\"tabs-block tabs-block-5c9d01efd4c36 vc_custom_1553793944095\">\r\n      <div class=\"tb-buttons\">\r\n                  <div class=\"button\"><span>About Us<\/span><\/div>\r\n              <\/div>\r\n      <div class=\"tb-wrap\">\r\n            <div class=\"wrap\">\r\n      <div class=\"tb-m-button\"><span>About Us<\/span><\/div>\r\n      <div class=\"wrap-inner\">\r\n        <div class=\"inner-content\">\r\n              <div class=\"heading-block heading-5c9d03090f7fe tal h-h5\">\r\n                        <h5 class=\"h\">Biriz Demira\u011f, Demira\u011f Hukuk ve Dan\u0131\u015fmal\u0131k'\u0131n <span>Demirag Law<\/span> Consultancy.<\/h5>\r\n                  <\/div>\r\n    \n\t<div class=\"wpb_text_column wpb_content_element  text-t1\" >\n\t\t<div class=\"wpb_wrapper\">\n\t\t\t<p>Av. Biriz DEM\u0130RA\u011e; 2009 y\u0131l\u0131nda \u0130hsan Do\u011framac\u0131 Vakf\u0131 Bilkent Lisesi\u2019nden mezun olduktan sonra; 2014 y\u0131l\u0131nda, \u0130hsan Do\u011framac\u0131 Vakf\u0131 Bilkent \u00dcniversitesi Uluslararas\u0131 \u0130li\u015fkiler B\u00f6l\u00fcm\u00fcn\u00fc; 2018 y\u0131l\u0131nda, At\u0131l\u0131m \u00dcniversitesi Hukuk Fak\u00fcltesini ve 2024 y\u0131l\u0131nda, Ba\u015fkent \u00dcniversitesi Kamu Hukuku Tezli Y\u00fcksek Lisans B\u00f6l\u00fcm\u00fcn\u00fc bitirmi\u015ftir.<\/p>\n<p>Avukatl\u0131k faaliyetini, T\u00fcrk\u00e7e ve \u0130ngilizce hizmet sunarak Ankara\u2019da s\u00fcrd\u00fcrmekte olup; m\u00fcvekkillerin ulusal ve uluslararas\u0131 hukuki uyu\u015fmazl\u0131klar\u0131n\u0131 olumlu \u00e7\u00f6z\u00fcmlere ula\u015ft\u0131rmadaki i\u015flevini etkinlikle yerine getirmeyi ama\u00e7lam\u0131\u015ft\u0131r.<\/p>\n\n\t\t<\/div>\n\t<\/div>\n    <div class=\"subscribe-block subscribe-block-5c9d035f714d3\">\r\n      <div class=\"content\">\r\n                  <div class=\"name\">Biriz Demira\u011f<\/div>\r\n                  <div class=\"post\">Lawyer<\/div>\r\n              <\/div>\r\n          <\/div>\r\n            <\/div>\r\n      <\/div>\r\n    <\/div>\r\n          <\/div>\r\n    <\/div>\r\n    <\/div><\/div><\/div><\/div><div class=\"vc_row wpb_row vc_row-fluid vc_custom_1553794098856 vc_row-5c9cffecc11f8\"><div class=\"align-self-end wpb_column vc_column_container vc_col-sm-12 vc_row-\"><div class=\"vc_column-inner\"><div class=\"wpb_wrapper\">\n\t<div class=\"wpb_text_column wpb_content_element  custom-owl-container custom-owl-container\" >\n\t\t<div class=\"wpb_wrapper\">\n\t\t\t<h2>Services<\/h2>\n\n\t\t<\/div>\n\t<\/div>\n<\/div><\/div><\/div><\/div><div class=\"vc_row wpb_row vc_row-fluid vc_row-\"><div class=\"wpb_column vc_column_container vc_col-sm-12 vc_row-\"><div class=\"vc_column-inner\"><div class=\"wpb_wrapper\"><div class=\"vc_separator wpb_content_element vc_separator_align_center vc_sep_width_100 vc_sep_pos_align_center vc_separator_no_text vc_sep_color_grey\" ><span class=\"vc_sep_holder vc_sep_holder_l\"><span  class=\"vc_sep_line\"><\/span><\/span><span class=\"vc_sep_holder vc_sep_holder_r\"><span  class=\"vc_sep_line\"><\/span><\/span>\n<\/div>      <div class=\"portfolio-block portfolio-6069e8e136949\">\n                <div class=\"portfolio-items owl-carousel with-dots\">\n                                                <article class=\"portfolio-item item\">\n                <div class=\"pi-wrap\">\n                  <div class=\"pi-img\">\n                                                                  <div style=\"background-image: url(http:\/\/demiraghukuk.com\/wp-content\/uploads\/2021\/04\/is-hukuku.jpg);\"><\/div>\n                                                            <\/div>\n                                      <div class=\"pi-content\">\n                                              <div class=\"num\">01<\/div>\n                                              <div class=\"h\">BUSINESS LAW<\/div>\n                                          <\/div>\n                                    <a href=\"http:\/\/demiraghukuk.com\/en\/project\/is-hukuku\/\" data-size=\"512x341\" data-id=\"1\"><\/a>\n                <\/div>\n              <\/article>\n                                                            <article class=\"portfolio-item item\">\n                <div class=\"pi-wrap\">\n                  <div class=\"pi-img\">\n                                                                  <div style=\"background-image: url(http:\/\/demiraghukuk.com\/wp-content\/uploads\/2021\/04\/saglik-hukuku.jpg);\"><\/div>\n                                                            <\/div>\n                                      <div class=\"pi-content\">\n                                              <div class=\"num\">02<\/div>\n                                              <div class=\"h\">HEALTH LAW<\/div>\n                                          <\/div>\n                                    <a href=\"http:\/\/demiraghukuk.com\/en\/project\/saglik-hukuku\/\" data-size=\"1024x683\" data-id=\"2\"><\/a>\n                <\/div>\n              <\/article>\n                                                            <article class=\"portfolio-item item\">\n                <div class=\"pi-wrap\">\n                  <div class=\"pi-img\">\n                                                                  <div style=\"background-image: url(http:\/\/demiraghukuk.com\/wp-content\/uploads\/2021\/04\/ceza-hukuku-1024x682.jpg);\"><\/div>\n                                                            <\/div>\n                                      <div class=\"pi-content\">\n                                              <div class=\"num\">03<\/div>\n                                              <div class=\"h\">PUNISHMENT LAW<\/div>\n                                          <\/div>\n                                    <a href=\"http:\/\/demiraghukuk.com\/en\/project\/ceza-hukuku\/\" data-size=\"1024x682\" data-id=\"3\"><\/a>\n                <\/div>\n              <\/article>\n                                                            <article class=\"portfolio-item item\">\n                <div class=\"pi-wrap\">\n                  <div class=\"pi-img\">\n                                                                  <div style=\"background-image: url(http:\/\/demiraghukuk.com\/wp-content\/uploads\/2021\/04\/aile-hukuku.jpg);\"><\/div>\n                                                            <\/div>\n                                      <div class=\"pi-content\">\n                                              <div class=\"num\">04<\/div>\n                                              <div class=\"h\">FAMILY LAW<\/div>\n                                          <\/div>\n                                    <a href=\"http:\/\/demiraghukuk.com\/en\/project\/aile-hukuku\/\" data-size=\"900x560\" data-id=\"4\"><\/a>\n                <\/div>\n              <\/article>\n                                                            <article class=\"portfolio-item item\">\n                <div class=\"pi-wrap\">\n                  <div class=\"pi-img\">\n                                                                  <div style=\"background-image: url(http:\/\/demiraghukuk.com\/wp-content\/uploads\/2021\/04\/ticaret-hukuku.jpg);\"><\/div>\n                                                            <\/div>\n                                      <div class=\"pi-content\">\n                                              <div class=\"num\">05<\/div>\n                                              <div class=\"h\">COMMERCIAL LAW<\/div>\n                                          <\/div>\n                                    <a href=\"http:\/\/demiraghukuk.com\/en\/project\/ticaret-hukuku\/\" data-size=\"900x560\" data-id=\"5\"><\/a>\n                <\/div>\n              <\/article>\n                                                            <article class=\"portfolio-item item\">\n                <div class=\"pi-wrap\">\n                  <div class=\"pi-img\">\n                                                                  <div style=\"background-image: url(http:\/\/demiraghukuk.com\/wp-content\/uploads\/2021\/04\/gumruk.jpeg);\"><\/div>\n                                                            <\/div>\n                                      <div class=\"pi-content\">\n                                              <div class=\"num\">06<\/div>\n                                              <div class=\"h\">CUSTOMS AND FOREIGN TRADE LEGISLATION<\/div>\n                                          <\/div>\n                                    <a href=\"http:\/\/demiraghukuk.com\/en\/project\/gumruk-ve-dis-ticaret-mevzuati\/\" data-size=\"900x560\" data-id=\"6\"><\/a>\n                <\/div>\n              <\/article>\n                                                            <article class=\"portfolio-item item\">\n                <div class=\"pi-wrap\">\n                  <div class=\"pi-img\">\n                                                                  <div style=\"background-image: url(http:\/\/demiraghukuk.com\/wp-content\/uploads\/2021\/04\/anayasa-mahkemesi-1280x720-2.jpg);\"><\/div>\n                                                            <\/div>\n                                      <div class=\"pi-content\">\n                                              <div class=\"num\">07<\/div>\n                                              <div class=\"h\">INDIVIDUAL APPLICATION TO THE CONSTITUTIONAL COURT<\/div>\n                                          <\/div>\n                                    <a href=\"http:\/\/demiraghukuk.com\/en\/project\/anayasa-mahkemesine-bireysel-basvuru\/\" data-size=\"900x560\" data-id=\"7\"><\/a>\n                <\/div>\n              <\/article>\n                                                            <article class=\"portfolio-item item\">\n                <div class=\"pi-wrap\">\n                  <div class=\"pi-img\">\n                                                                  <div style=\"background-image: url(http:\/\/demiraghukuk.com\/wp-content\/uploads\/2021\/04\/insan-haklari-1.jpg);\"><\/div>\n                                                            <\/div>\n                                      <div class=\"pi-content\">\n                                              <div class=\"num\">08<\/div>\n                                              <div class=\"h\">THE APPLICATION TO THE EUROPEAN COURT OF HUMAN RIGHTS<\/div>\n                                          <\/div>\n                                    <a href=\"http:\/\/demiraghukuk.com\/en\/project\/avrupa-insan-haklari-mahkemesine-basvuru\/\" data-size=\"900x560\" data-id=\"8\"><\/a>\n                <\/div>\n              <\/article>\n                                                            <article class=\"portfolio-item item\">\n                <div class=\"pi-wrap\">\n                  <div class=\"pi-img\">\n                                                                  <div style=\"background-image: url(http:\/\/demiraghukuk.com\/wp-content\/uploads\/2021\/04\/idare-1.jpg);\"><\/div>\n                                                            <\/div>\n                                      <div class=\"pi-content\">\n                                              <div class=\"num\">09<\/div>\n                                              <div class=\"h\">ADMINISTRATIVE LAW<\/div>\n                                          <\/div>\n                                    <a href=\"http:\/\/demiraghukuk.com\/en\/project\/idare-hukuku\/\" data-size=\"900x560\" data-id=\"9\"><\/a>\n                <\/div>\n              <\/article>\n                                                            <article class=\"portfolio-item item\">\n                <div class=\"pi-wrap\">\n                  <div class=\"pi-img\">\n                                                                  <div style=\"background-image: url(http:\/\/demiraghukuk.com\/wp-content\/uploads\/2021\/04\/fikri.jpg);\"><\/div>\n                                                            <\/div>\n                                      <div class=\"pi-content\">\n                                              <div class=\"num\">10<\/div>\n                                              <div class=\"h\">INTELLECTUAL AND INDUSTRIAL PROPERTY LAW<\/div>\n                                          <\/div>\n                                    <a href=\"http:\/\/demiraghukuk.com\/en\/project\/fikri-ve-sinai-mulkiyet-hukuku\/\" data-size=\"512x355\" data-id=\"10\"><\/a>\n                <\/div>\n              <\/article>\n                                                            <article class=\"portfolio-item item\">\n                <div class=\"pi-wrap\">\n                  <div class=\"pi-img\">\n                                                                  <div style=\"background-image: url(http:\/\/demiraghukuk.com\/wp-content\/uploads\/2021\/04\/sigorta.jpg);\"><\/div>\n                                                            <\/div>\n                                      <div class=\"pi-content\">\n                                              <div class=\"num\">11<\/div>\n                                              <div class=\"h\">INSURANCE LAW<\/div>\n                                          <\/div>\n                                    <a href=\"http:\/\/demiraghukuk.com\/en\/project\/sigorta-hukuku\/\" data-size=\"900x560\" data-id=\"11\"><\/a>\n                <\/div>\n              <\/article>\n                              <\/div>\n              <\/div>\n      <\/div><\/div><\/div><\/div>","protected":false},"excerpt":{"rendered":"","protected":false},"author":1,"featured_media":0,"parent":0,"menu_order":0,"comment_status":"closed","ping_status":"closed","template":"template-landing.php","meta":{"_acf_changed":false,"footnotes":""},"class_list":["post-496","page","type-page","status-publish","hentry"],"acf":[],"_links":{"self":[{"href":"http:\/\/demiraghukuk.com\/en\/wp-json\/wp\/v2\/pages\/496","targetHints":{"allow":["GET"]}}],"collection":[{"href":"http:\/\/demiraghukuk.com\/en\/wp-json\/wp\/v2\/pages"}],"about":[{"href":"http:\/\/demiraghukuk.com\/en\/wp-json\/wp\/v2\/types\/page"}],"author":[{"embeddable":true,"href":"http:\/\/demiraghukuk.com\/en\/wp-json\/wp\/v2\/users\/1"}],"replies":[{"embeddable":true,"href":"http:\/\/demiraghukuk.com\/en\/wp-json\/wp\/v2\/comments?post=496"}],"version-history":[{"count":170,"href":"http:\/\/demiraghukuk.com\/en\/wp-json\/wp\/v2\/pages\/496\/revisions"}],"predecessor-version":[{"id":1308,"href":"http:\/\/demiraghukuk.com\/en\/wp-json\/wp\/v2\/pages\/496\/revisions\/1308"}],"wp:attachment":[{"href":"http:\/\/demiraghukuk.com\/en\/wp-json\/wp\/v2\/media?parent=496"}],"curies":[{"name":"wp","href":"https:\/\/api.w.org\/{rel}","templated":true}]}}